{"id":776,"date":"2018-02-20T17:35:06","date_gmt":"2018-02-20T17:35:06","guid":{"rendered":"http:\/\/villa-menta-krk.com\/de\/villas-prices\/"},"modified":"2024-03-02T08:49:33","modified_gmt":"2024-03-02T08:49:33","slug":"villas-preise","status":"publish","type":"page","link":"https:\/\/villa-menta-krk.com\/de\/villas-preise\/","title":{"rendered":"Villas &#038; Preise"},"content":{"rendered":"<p>[vc_row type=&#8220;full_width_section&#8220;][vc_column css=&#8220;.vc_custom_1503565539415{margin-top: 0px !important;margin-right: 0px !important;margin-bottom: 0px !important;margin-left: 0px !important;border-top-width: 0px !important;border-right-width: 0px !important;border-bottom-width: 0px !important;border-left-width: 0px !important;padding-top: 0px !important;padding-right: 0px !important;padding-bottom: 0px !important;padding-left: 0px !important;}&#8220;][vc_row_inner][vc_column_inner width=&#8220;1\/3&#8243;][vc_single_image image=&#8220;736&#8243; img_size=&#8220;full&#8220; alignment=&#8220;center&#8220; onclick=&#8220;custom_link&#8220; link=&#8220;http:\/\/villa-menta-krk.com\/villa-menta-1&#8243;][vc_column_text]<\/p>\n<h2><a href=\"https:\/\/villa-menta-krk.com\/de\/villa-menta-1\/\">Villa Menta 1<\/a><\/h2>\n<p>[\/vc_column_text][\/vc_column_inner][vc_column_inner width=&#8220;1\/3&#8243;][vc_single_image image=&#8220;771&#8243; img_size=&#8220;full&#8220; alignment=&#8220;center&#8220; onclick=&#8220;custom_link&#8220; link=&#8220;http:\/\/villa-menta-krk.com\/villa-menta-2&#8243;][vc_column_text]<\/p>\n<h2><a href=\"https:\/\/villa-menta-krk.com\/de\/villa-menta-2\/\">Villa Menta 2<\/a><\/h2>\n<p>[\/vc_column_text][\/vc_column_inner][vc_column_inner width=&#8220;1\/3&#8243;][vc_single_image image=&#8220;2412&#8243; img_size=&#8220;full&#8220; alignment=&#8220;center&#8220; onclick=&#8220;custom_link&#8220; link=&#8220;\/?page_id=2330&#8243;][vc_column_text]<\/p>\n<h2><a href=\"https:\/\/villa-menta-krk.com\/de\/villa-menta-4\/\">Villa Menta 4<\/a><\/h2>\n<p>[\/vc_column_text][\/vc_column_inner][\/vc_row_inner][vc_column_text]<strong><span style=\"vertical-align: inherit;\"><span style=\"vertical-align: inherit;\"><span style=\"vertical-align: inherit;\"><span style=\"vertical-align: inherit;\">Prise<\/span><\/span><\/span><\/span><\/strong><\/p>\n<table width=\"100%\">\n<tbody>\n<tr>\n<td><strong>Zeit von bis<\/strong><\/td>\n<td><strong><span style=\"vertical-align: inherit;\"><span style=\"vertical-align: inherit;\"><span style=\"vertical-align: inherit;\"><span style=\"vertical-align: inherit;\">08\/01 to 8\/05 <\/span><\/span><\/span><\/span><\/strong><br \/>\n<strong><span style=\"vertical-align: inherit;\"><span style=\"vertical-align: inherit;\"><span style=\"vertical-align: inherit;\"><span style=\"vertical-align: inherit;\">09\/10 to 11\/12<\/span><\/span><\/span><\/span><\/strong><\/td>\n<td><strong><span style=\"vertical-align: inherit;\"><span style=\"vertical-align: inherit;\"><span style=\"vertical-align: inherit;\"><span style=\"vertical-align: inherit;\">08\/05 to 19\/06 <\/span><\/span><\/span><\/span><\/strong><br \/>\n<strong><span style=\"vertical-align: inherit;\"><span style=\"vertical-align: inherit;\"><span style=\"vertical-align: inherit;\"><span style=\"vertical-align: inherit;\">11\/09 to 09\/10<\/span><\/span><\/span><\/span><\/strong><\/td>\n<td><strong><span style=\"vertical-align: inherit;\"><span style=\"vertical-align: inherit;\"><span style=\"vertical-align: inherit;\"><span style=\"vertical-align: inherit;\">19\/06 to 03\/07 <\/span><\/span><\/span><\/span><\/strong><br \/>\n<strong><span style=\"vertical-align: inherit;\"><span style=\"vertical-align: inherit;\"><span style=\"vertical-align: inherit;\"><span style=\"vertical-align: inherit;\">28\/08 to 11\/09<\/span><\/span><\/span><\/span><\/strong><\/td>\n<td><strong><span style=\"vertical-align: inherit;\"><span style=\"vertical-align: inherit;\"><span style=\"vertical-align: inherit;\"><span style=\"vertical-align: inherit;\">03\/07 to 28\/08<\/span><\/span><\/span><\/span><\/strong><\/td>\n<\/tr>\n<tr>\n<td><strong><span style=\"vertical-align: inherit;\"><span style=\"vertical-align: inherit;\"><span style=\"vertical-align: inherit;\"><span style=\"vertical-align: inherit;\">Menta 1 week<\/span><\/span><\/span><\/span><\/strong><\/td>\n<td><strong><span style=\"vertical-align: inherit;\"><span style=\"vertical-align: inherit;\"><span style=\"vertical-align: inherit;\"><span style=\"vertical-align: inherit;\">1470 \u20ac<\/span><\/span><\/span><\/span><\/strong><\/td>\n<td><strong><span style=\"vertical-align: inherit;\"><span style=\"vertical-align: inherit;\"><span style=\"vertical-align: inherit;\"><span style=\"vertical-align: inherit;\">1765 \u20ac<\/span><\/span><\/span><\/span><\/strong><\/td>\n<td><strong><span style=\"vertical-align: inherit;\"><span style=\"vertical-align: inherit;\"><span style=\"vertical-align: inherit;\"><span style=\"vertical-align: inherit;\">2426 \u20ac<\/span><\/span><\/span><\/span><\/strong><\/td>\n<td><strong><span style=\"vertical-align: inherit;\"><span style=\"vertical-align: inherit;\"><span style=\"vertical-align: inherit;\"><span style=\"vertical-align: inherit;\">2911 \u20ac<\/span><\/span><\/span><\/span><\/strong><\/td>\n<\/tr>\n<tr>\n<td><strong><span style=\"vertical-align: inherit;\"><span style=\"vertical-align: inherit;\"><span style=\"vertical-align: inherit;\"><span style=\"vertical-align: inherit;\">Menta 2 week<\/span><\/span><\/span><\/span><\/strong><\/td>\n<td><strong><span style=\"vertical-align: inherit;\"><span style=\"vertical-align: inherit;\"><span style=\"vertical-align: inherit;\"><span style=\"vertical-align: inherit;\">1287 \u20ac<\/span><\/span><\/span><\/span><\/strong><\/td>\n<td><strong><span style=\"vertical-align: inherit;\"><span style=\"vertical-align: inherit;\"><span style=\"vertical-align: inherit;\"><span style=\"vertical-align: inherit;\">1470 \u20ac<\/span><\/span><\/span><\/span><\/strong><\/td>\n<td><strong><span style=\"vertical-align: inherit;\"><span style=\"vertical-align: inherit;\"><span style=\"vertical-align: inherit;\"><span style=\"vertical-align: inherit;\">2022 \u20ac<\/span><\/span><\/span><\/span><\/strong><\/td>\n<td><strong><span style=\"vertical-align: inherit;\"><span style=\"vertical-align: inherit;\"><span style=\"vertical-align: inherit;\"><span style=\"vertical-align: inherit;\">2426 \u20ac<\/span><\/span><\/span><\/span><\/strong><\/td>\n<\/tr>\n<tr>\n<td><strong><span style=\"vertical-align: inherit;\"><span style=\"vertical-align: inherit;\"><span style=\"vertical-align: inherit;\"><span style=\"vertical-align: inherit;\">Menta 4 week<\/span><\/span><\/span><\/span><\/strong><\/td>\n<td><strong><span style=\"vertical-align: inherit;\"><span style=\"vertical-align: inherit;\"><span style=\"vertical-align: inherit;\"><span style=\"vertical-align: inherit;\">1470 \u20ac<\/span><\/span><\/span><\/span><\/strong><\/td>\n<td><strong><span style=\"vertical-align: inherit;\"><span style=\"vertical-align: inherit;\"><span style=\"vertical-align: inherit;\"><span style=\"vertical-align: inherit;\">1765 \u20ac<\/span><\/span><\/span><\/span><\/strong><\/td>\n<td><strong><span style=\"vertical-align: inherit;\"><span style=\"vertical-align: inherit;\"><span style=\"vertical-align: inherit;\"><span style=\"vertical-align: inherit;\">2426 \u20ac<\/span><\/span><\/span><\/span><\/strong><\/td>\n<td><strong><span style=\"vertical-align: inherit;\"><span style=\"vertical-align: inherit;\"><span style=\"vertical-align: inherit;\"><span style=\"vertical-align: inherit;\">2911 \u20ac<\/span><\/span><\/span><\/span><\/strong><\/td>\n<\/tr>\n<\/tbody>\n<\/table>\n<p>[\/vc_column_text][vc_column_text]<strong>Zeit<\/strong><\/p>\n<p>Mietdauer \u00a0von Samstag bis Samstag<\/p>\n<p>Check-in Zeit: 16 bis 20 Check-out Zeit: bis zu 10<\/p>\n<p><strong>Im Preis inbegriffen<\/strong><\/p>\n<p>Strom<br \/>\nWasser<br \/>\nGas<br \/>\nBereitstellung vonBettw\u00e4sche \/ Handt\u00fccher<br \/>\nKurtaxe<\/p>\n<p><strong>Kaution<\/strong><\/p>\n<p>Folgendes ist bei der Ankunft hergestellt werden: \u20ac 300 oder \u20ac 450, wenn Mitbringen von Haustieren<\/p>\n<p><strong>Preise und Informationen \u00fcber die Reservierung<\/strong><\/p>\n<p><strong>Informationen \u00fcber den Preis<\/strong><\/p>\n<p>Die Preise sind f\u00fcr individuelle Miete der Villa kalkuliert, n\u00e4mlich f\u00fcr einen einw\u00f6chigen Aufenthalt und sind in Euro ausgewiesen.<\/p>\n<p><strong>Spezielle\u00a0 W\u00fcnsche<\/strong><\/p>\n<p>Sollten Sie gegen\u00fcber uns einen speziellen Wunsch haben \u00a0(beispielsweise Fahrzeugmiete,\u00a0 Versorgung des K\u00fchlschranks mit Nahrungsmitteln und Getr\u00e4nken nach ihren Wunsch\u00a0 oder sonst etwas), ersuchen wir Sie das irgendwann Mal vor Ihrer Ankunft anzuf\u00fchren. Wir helfen Ihnen gerne dabei.<\/p>\n<p><strong>Informationen \u00fcber die Reservierung<\/strong><\/p>\n<p>Alle Reservierungen erfolgen\u00a0 \u00fcber Internetkommunikation \u00a0durch Entsendung einer e-Mail auf die Adresse: booking@villa-menta-krk.com<\/p>\n<p>Die Einzahlung von 30% Vorschuss (Depot) wird als eine Best\u00e4tigung der Reservierung verlangt. Restlicher Preis ist obligatorisch sp\u00e4testens bis zu 10 Wochen vor der Einkunft \u00a0einzuzahlen.<\/p>\n<p>Wenn Sie die Villa\/die Vilen mieten wollen,\u00a0 sollen Sie innerhalb 10 Wochen vor ihrer Ankunft den gesamten Mietspreis w\u00e4hrend der Reservierung einzahlen.<\/p>\n<p><strong>Beribehalten der Reservierung<\/strong><\/p>\n<p>Bitte, kontaktieren Sie uns, wenn Sie\u00a0 die Option \u00a0f\u00fcr die Miete der Villa \/der Villen in 24 Stunden beantragen, bis Sie Ihre Fl\u00fcge reservieren \u00a0und \/ oder sonst noch etwas Anderes vorhaben.<\/p>\n<p><strong>Zahlungsinformationen<\/strong><\/p>\n<p>Die Reservierung kann durch Entsendung der e-Mail auf die Adresse\u00a0<a href=\"mailto:http:\/\/booking@villa-menta-krk.com\">booking@villa-menta-krk.com<\/a><\/p>\n<p>erfolgen. Sie k\u00f6nnen uns auch per Telefon (wir sprechen Englisch) auf die Nummer \u00a0+385 98 9044660 kontaktieren.<\/p>\n<p>F\u00fcr die Reservierungsbest\u00e4tigung sowie auch f\u00fcr weitere Zahlungen akzeptieren wir nur Bank\u00fcberweisungen (in Euro) auf unser Bankkonto.<\/p>\n<p>Wir ersuchen Sie darauf zu achten, dass Ihr Zahlungsbetrag \u00a0ausreichen soll, um die H\u00f6he unserer Absprache \/unseres Vertrags nach etwaigen Abz\u00fcgen aller m\u00f6glichen Bankkosten zu decken.<\/p>\n<p>Die Reservierungen, die von den Personen eingegangen sind, die j\u00fcnger als 18 Jahre sind, k\u00f6nnen nicht angenommen werden.<\/p>\n<p>Durch die Erledigung der Reservierung, ist die Person, die als erste an der Reservierung angef\u00fchrt ist (\u2018Reiseleiter\u2019) im Namen sonstiger auf der Liste angef\u00fchrter G\u00e4ste \u00fcber Folgendes einverstanden:-<\/p>\n<p>Er\/Sie hat diese Preise und Informationen \u00fcber die Reservierung durchgelesen und \u00a0erkl\u00e4rt sich \u00fcber die Pflichten eiverstanden auf Grund dessen;<br \/>\nEr\/Sie willigt unsere Nutzung \u00a0ihrer Daten in \u00dcbereinstimmung mit unseren Regeln \u00fcber die Privatsph\u00e4re ein, und<br \/>\nEr\/Sie ist \u00e4lter als 18, und alle Mitglieder Ihrer Gruppe\u00a0 erkl\u00e4ren, dass er \/ sie im entsprechenden Alter f\u00fcr den Kauf dieser Dienstleistung ist.<\/p>\n<p>Um Ihre ausgew\u00e4hlten \u00a0Reisepakets zu best\u00e4tigen, haben Sie das Depot einzuzahlen (oder den vollen Preis, wenn Ihre Reservierung in einer Frist steht, die kleiner als 10 Wochen \u00a0bis zu ihrer Ankunft ist). Die Depots werden 30% von den Gesamtkosten Ihres Reisepakets betragen. In bestimmten F\u00e4llen k\u00f6nnen wir Ihre \u00a0Reservierung\u00a0 bis\u00a0 24 Stunden beibehalten, bis Sie die Bezahlung organisieren, jedoch\u00a0 ist das nicht die best\u00e4tigte Reservierung. Sollte Ihre Bezahlung, gerechnet ab dem Tag Ihrer Reservierung, auf unserem Konto nicht \u00a0eingegangen sein, ist Ihre Reservierung automatisch fehlgeschlagen, ohne irgendwelche Information f\u00fcr Sie.<\/p>\n<p>Nachdem die Einzahlung des Depots bei uns eingegangen ist (oder des vollen Betrags, wenn die Reservierung in einer \u00a0\u00a0\u00a0\u00a0\u00a0\u00a0\u00a0\u00a0\u00a0\u00a0\u00a0 Frist ist, die k\u00fcrzer als 10 Wochen vor Ihrer Ankunft ist) ist Ihre Reservierung best\u00e4tigt, und es kommt der Vertrag \u00fcber die Miete der Villa\/der Villen zwischen Ihnen und uns zustande, und wir werden Ihnen die Best\u00e4tigung an Ihre e-Mail zustellen.<\/p>\n<p><strong>Beachten Sie, dass jede Korrespondenz an Sie nur per e-Mail entsendet werden wird. Wir ersuchen Sie, uns Ihre e-Mail Adresse zur Verf\u00fcgung zu stellen, n\u00e4mlich die e-Mail Adresse des \u2018Reiseleiters\u2019, die aktiv ist und regelm\u00e4\u00dfig gecheckt wird, welche bis zu Ihrer R\u00fcckkehr in Heimatland\u00a0 aktiv sein wird.\u00a0 Wir empfehlen, dass alle K\u00e4ufer unserer Dienstleistung ihre \u2018junk\u2019-e-Mappen \u00fcberpr\u00fcfen, um sicherzustellen, dass keine von unseren e-Mails f\u00e4lschlicherweise dort gelandet ist. Es liegt in Ihrer Verantwortung, uns bez\u00fcglich dessen zu unterrichten, das unsere Reservierungsbest\u00e4tigung bei Ihnen nicht eingegangen ist, nachdem Sie das Depot eingezahlt haben \u00a0(oder den vollen Betrag, wenn Sie innerhalb von 10 Wochen reisen).<\/strong><\/p>\n<p>Wenn\u00a0 Sie das Depot bezahlt haben, haben Sie den restlichen Betrag \u00a0bis zur Gesamtsumme der Miete\/der Dienstleistungen bis zum an der Reservierungsbest\u00e4tigung\u00a0 angef\u00fchrten Tag zu entrichten (\u00fcblich \u00a0bis zu 60 Tagen vor Ankunft). Notieren Sie sich bitte in Ihrem Tagebuch, dass Sie verpflichtet sind, die Einzahlung der Restmittel f\u00fcr die Miete\/Dienstleistung bis zum Tag an uns weiterzuleiten, der auf der Reservierungsbest\u00e4tigung\u00a0 angef\u00fchrt ist. Unsererseits wird kein Mahnschreiben hinsichtlich der Einzahlung des vollen Betrags erfolgen. Sollte der Gesamtbetrag der Miete \/Dienstleistung bis zum an der Reservierungsbest\u00e4tigung\u00a0 angef\u00fchrten Tag nicht eingehen, sind wir gezwungen, \u00a0Ihre Reservierung zu k\u00fcndigen, und ebenfalls die Verg\u00fctung\u00a0 f\u00fcr die K\u00fcndigung einziehen, die in Punkt \u00a0\u2018\u00c4nderungen und K\u00fcndigung Ihrerseits \u2018 beschrieben ist.<\/p>\n<p><strong>\u00c4NDERUNGEN UND K\u00dcNDIGUNG IHRERSEITS<\/strong><\/p>\n<p>Wenn Sie Ihre Reservierung \u00a0k\u00fcndigen oder \u00e4ndern wollen, k\u00f6nnen Sie uns das per e-Mail mitteilen. Alle K\u00fcndigungen \u00a0werden ab dem Tag\u00a0 des Erhalts Ihrer K\u00fcndigung\u00a0 auf unsere e-Mail-Adresse in Kraft treten. Wenn eine solche Auskunft\u00a0 au\u00dferhalb der \u00fcblichen Arbeitszeit (Montag-Freitag von 9 bis 17 Uhr) eingegangen ist, wird sie am n\u00e4chsten Arbeitstag \u00a0in Kraft treten.\u00a0In jedem Fall wird die K\u00fcndigung oder die \u00c4nderung lediglich angenommen werden, wenn sie vom Reiseleiter entsendet wurde.<\/p>\n<table width=\"100%\">\n<tbody>\n<tr>\n<td>Tag des Eingangs der Auskunft<\/td>\n<td>Kompensation\/Ausgleich<\/td>\n<\/tr>\n<tr>\n<td>Mehr als 56 Tage vor dem Einzug in die Villa<\/td>\n<td>Depotverlust<\/td>\n<\/tr>\n<tr>\n<td>55-43 Tage vor dem Einzug in die Villa<\/td>\n<td>50% des Gesamtwertes des Reisepakets<\/td>\n<\/tr>\n<tr>\n<td>42-29 Tage vor dem Einzug in die Villa<\/td>\n<td>65% des Gesamtwertes des Reisepakets<\/td>\n<\/tr>\n<tr>\n<td>28-15 Tage vor dem Einzug in die Villa<\/td>\n<td>90% des Gesamtwertes des Reisepakets<\/td>\n<\/tr>\n<tr>\n<td>Weniger als 14 Tage vor dem Einzug in die Villa<\/td>\n<td>100% des Gesamtwertes des Reisepakets<\/td>\n<\/tr>\n<\/tbody>\n<\/table>\n<p>Jegliche \u00c4nderung der Bankeinziehungen \u00a0wird vom zur\u00fcckerstatteten Geldbetrag abgezogen werden.<\/p>\n<p><strong>IHRE VERATWORTUNG<\/strong><\/p>\n<p>Wir erwarten von ihnen, dass \u00a0Sie all unser Verm\u00f6gen, Objekte, M\u00f6bel, Zubeh\u00f6r, Waren, Ausstattung\u00a0 und Grundst\u00fcck mit der Sorgfalt eines ordentlichen Kaufmannes behandeln, und in jenem Zustand und unter jenen Bedingungen verlassen, wie Sie sie am ersten Tag Ihres Urlaubs vorgefunden haben, in gleichem Zustand der Sauberkeit\u00a0 und Ordnung, in welchem sie zu Beginn Ihres Urlaubs \u00fcbernommen wurden.\u00a0 Wir k\u00f6nnen Sie f\u00fcr jegliche Br\u00fcche, Verlust oder Besch\u00e4digung des Verm\u00f6gens verantwortlich halten, demzufolge k\u00f6nnen wir Ihr Sicherheitsdepot \u00a0mindern oder die Kompensation (den Ausgleich) beantragen, \u00a0wenn die Reparatur oder die Anschaffung neuen Verm\u00f6gens die H\u00f6he Ihres Depots \u00fcbersteigt.<\/p>\n<p>Parken mobiler Ferienh\u00e4user\u00a0 oder\u00a0 Camping innerhalb der Grenzen des Anwesens sind strengstens verboten.<\/p>\n<p><strong>\u00a0ANZAHL DER PERSONEN, WELCHE DAS OBJEKT BENUTZEN<\/strong><\/p>\n<p>Der Zugang zum Objekt ist nur den Personen zugelassen, die auf der Reservierungsliste angef\u00fchrt sind. Wir erlauben uns, den Mietvertrag \u00a0ohne vorherige Anmeldung und Entsch\u00e4digung\u00a0 zu k\u00fcndigen, wenn die Anzahl der Benutzer auf dem Anwesen erh\u00f6ht ist.<\/p>\n<p><strong>ZUGANG<\/strong><\/p>\n<p>Wir oder unser Vertreter werden\u00a0 den vern\u00fcnftigen Zugang zum Anwesen verlangen, um Arbeiten in Zusammenhang mit Instandhaltung des Freibads \u00a0vorzunehmen oder eine andere Inspektion zu machen.<\/p>\n<p><strong>VERHALTEN<\/strong><\/p>\n<p>Der \u2018Reiseleiter\u2019 tr\u00e4gt Verantwortung f\u00fcr korrektes und h\u00f6fliches Verhalten \u00a0aller Gruppenmitglieder, die sich auf dem Anwesen befinden. Sollten Sie oder die Mitglieder Ihrer Gruppe gegen die vorstehend genannten Regeln versto\u00dfen, behalten wir uns unser absolutes Diskretionsrecht vor,\u00a0 Sie und Ihre gruppe zu ersuchen,\u00a0 das Anwesen ohne Entsch\u00e4digung zu verlassen.<\/p>\n<p><strong>KOMMERZIELLE NUTZUNG, GESELLSCHAFTLICHE VERANSTALTUNGEN UND SONSTIGE FUNKTIONEN \u00a0<\/strong><\/p>\n<p>Die Nutzung des Anwesens zu kommerziellen Zwecken\u00a0 ist strengstens verboten, es sei denn sie wurde bei der Reservierung mit uns vereinbart, in welchen Fall die zus\u00e4tzlichen \u00a0Bedingungen \u00a0angewendet werden, \u00a0welche die Preis\u00e4nderung und \u00a0neue Versicherung einschlie\u00dfen.<\/p>\n<p>Wenn Sie vorhaben, eine private Veranstaltung auf dem Anwesen zu organisieren\u00a0 (beispielsweise Heirat, Feiern, Cocktailparty oder \u00c4hnliches), sind Sie verpflichtet, die Erlaubnis von uns zu\u00a0 beantragen. Das wird zus\u00e4tzliche Kosten und\/oder Erh\u00f6hung \u00a0des Depots verursachen.<\/p>\n<p><strong>SICHERHEIT UND WERTE<\/strong><\/p>\n<p>Jegliche auf dem Anwesen hinterlassenen wertvollen Gegenst\u00e4nde wurden auf eigenes Risiko gelassen. Die Eigent\u00fcmer des Anwesens tragen keine Verantwortung f\u00fcr \u00a0deren Verlust oder Entwendung. Wir werden das Geld nicht zur\u00fcckerstatten, wenn Sie das Anwesen als eine Folge des Einbruchs verlassen.<\/p>\n<p><strong>UMGEBUNG<\/strong><\/p>\n<p>Bedenken Sie bitte, dass das Anwesen\u00a0 auf einem ruralen und isolierten Standort gelegen ist, welches es eben deshalb in einer engen Ber\u00fchrung mit Flora und Fauna steht, wie es M\u00fccken, Wespen, Ameisen, lokale Hunde usw. sind, und genauso auch mit herumliegenden Aktivit\u00e4ten wie Viehzucht und Ackerbau \u00a0oder \u00c4hnliches.<\/p>\n<p>Bedenken Sie, dass wir f\u00fcr jegliche Bau- oder \u00a0Stra\u00dfenarbeiten \u00a0in der Umgebung des Anwesens \u00a0keine Verantwortung tragen k\u00f6nnen.<\/p>\n<p>Als Eigent\u00fcmer des Anwesens k\u00f6nnen wir f\u00fcr Ihre Gesundheit keine Verantwortung tragen.<\/p>\n<p><strong>VERSICHERUNG<\/strong><\/p>\n<p>Es wird die Einzahlung der Reiseversicherung f\u00fcr alle Mitglieder Ihrer Gruppe \u00a0w\u00e4hrend Ihres Urlaubs empfohlen. Es liegt in Ihrer Verantwortung, dass die Versicherung, f\u00fcr die Sie sich entschlossen haben, f\u00fcr Ihre pers\u00f6nlichen Bed\u00fcrfnisse angemessen und geeignet ist. Wir ersuchen Sie, die\u00a0 Details Ihrer Versicherungspolizze durchzulesen. Vergessen Sie dieselbe mitzunehmen.[\/vc_column_text][\/vc_column][\/vc_row]<\/p>\n","protected":false},"excerpt":{"rendered":"<p>[vc_row type=&#8220;full_width_section&#8220;][vc_column css=&#8220;.vc_custom_1503565539415{margin-top: 0px !important;margin-right: 0px !important;margin-bottom: 0px !important;margin-left: 0px !important;border-top-width: 0px !important;border-right-width: 0px !important;border-bottom-width: 0px !important;border-left-width: 0px !important;padding-top: 0px !important;padding-right: 0px !important;padding-bottom: 0px !important;padding-left: 0px !important;}&#8220;][vc_row_inner][vc_column_inner width=&#8220;1\/3&#8243;][vc_single_image image=&#8220;736&#8243; img_size=&#8220;full&#8220; alignment=&#8220;center&#8220; onclick=&#8220;custom_link&#8220; link=&#8220;http:\/\/villa-menta-krk.com\/villa-menta-1&#8243;][vc_column_text] Villa Menta 1 [\/vc_column_text][\/vc_column_inner][vc_column_inner width=&#8220;1\/3&#8243;][vc_single_image image=&#8220;771&#8243; img_size=&#8220;full&#8220; alignment=&#8220;center&#8220; onclick=&#8220;custom_link&#8220; link=&#8220;http:\/\/villa-menta-krk.com\/villa-menta-2&#8243;][vc_column_text] Villa Menta 2 [\/vc_column_text][\/vc_column_inner][vc_column_inner width=&#8220;1\/3&#8243;][vc_single_image image=&#8220;2412&#8243; img_size=&#8220;full&#8220; alignment=&#8220;center&#8220; onclick=&#8220;custom_link&#8220; link=&#8220;\/?page_id=2330&#8243;][vc_column_text] Villa Menta<\/p>\n","protected":false},"author":1,"featured_media":0,"parent":0,"menu_order":0,"comment_status":"closed","ping_status":"closed","template":"","meta":{"footnotes":""},"_links":{"self":[{"href":"https:\/\/villa-menta-krk.com\/de\/wp-json\/wp\/v2\/pages\/776"}],"collection":[{"href":"https:\/\/villa-menta-krk.com\/de\/wp-json\/wp\/v2\/pages"}],"about":[{"href":"https:\/\/villa-menta-krk.com\/de\/wp-json\/wp\/v2\/types\/page"}],"author":[{"embeddable":true,"href":"https:\/\/villa-menta-krk.com\/de\/wp-json\/wp\/v2\/users\/1"}],"replies":[{"embeddable":true,"href":"https:\/\/villa-menta-krk.com\/de\/wp-json\/wp\/v2\/comments?post=776"}],"version-history":[{"count":8,"href":"https:\/\/villa-menta-krk.com\/de\/wp-json\/wp\/v2\/pages\/776\/revisions"}],"predecessor-version":[{"id":2468,"href":"https:\/\/villa-menta-krk.com\/de\/wp-json\/wp\/v2\/pages\/776\/revisions\/2468"}],"wp:attachment":[{"href":"https:\/\/villa-menta-krk.com\/de\/wp-json\/wp\/v2\/media?parent=776"}],"curies":[{"name":"wp","href":"https:\/\/api.w.org\/{rel}","templated":true}]}}