{"id":722,"date":"2017-08-23T05:37:09","date_gmt":"2017-08-23T05:37:09","guid":{"rendered":"http:\/\/villa-menta-krk.com\/de\/home-i\/"},"modified":"2024-10-31T09:03:19","modified_gmt":"2024-10-31T09:03:19","slug":"home-i","status":"publish","type":"page","link":"https:\/\/villa-menta-krk.com\/de\/","title":{"rendered":"Home de"},"content":{"rendered":"<p>[vc_row type=&#8220;full_width_section&#8220; bottom_padding=&#8220;0&#8243; bottom_margin=&#8220;0&#8243;][vc_column css=&#8220;.vc_custom_1497409493959{margin-top: 0px !important;margin-right: 0px !important;margin-bottom: 0px !important;margin-left: 0px !important;border-top-width: 0px !important;border-right-width: 0px !important;border-bottom-width: 0px !important;border-left-width: 0px !important;padding-top: 0px !important;padding-right: 0px !important;padding-bottom: 0px !important;padding-left: 0px !important;}&#8220;][rev_slider_vc alias=&#8220;homepage-slider&#8220; el_class=&#8220;rev_slider_wrapper-1&#8243;][\/vc_column][\/vc_row][vc_row top_margin=&#8220;30&#8243; bottom_margin=&#8220;20&#8243;][vc_column][vc_column_text]<\/p>\n<h4 style=\"line-height: 30px;\"><em>Villa Menta ist ein Teil des Restaurierungsprojekts des Anwesens aus dem 19. Jahrhundert, am Rande des kleinen Dorfes Bajcici, gelegen an der Spitze eines H\u00fcgels, mit Blick auf Wald und Meer. Das Anwesen wurde aus Landwirtschaft in den Tourismus umgewidmet, unter Achtung der traditionellen Architektur, der Traditionselemente und -atmosph\u00e4re, wobei auch privater Erholungsraum angeboten wird. Volle Privatsph\u00e4re und perfekter Urlaub mit Blick auf die bewaldeten H\u00fcgel, der bis hinunter zum Meer reicht, von welchem die Insel Krk von der Insel Cres getrennt wird.<\/em><\/h4>\n<p>[\/vc_column_text][\/vc_column][\/vc_row][vc_row top_margin=&#8220;30&#8243; bottom_margin=&#8220;20&#8243;][vc_column width=&#8220;1\/2&#8243;][vc_single_image image=&#8220;481&#8243; img_size=&#8220;large&#8220; alignment=&#8220;center&#8220;][\/vc_column][vc_column width=&#8220;1\/2&#8243;][vc_column_text]Das Anwesen ist von traditionellen Steinmauern umgeben, und in zwei separate Einheiten eingeteilt, die getrennt vermietet werden, aber auch gemeinsam, wenn in einer gr\u00f6\u00dferen Gruppe gereist wird, durch einfaches \u00d6ffnen des Tors an den Steinmauern sind beide Villen sind durch einen Garten verbunden, bzw. voneinander getrennt. Jede Villa besitzt f\u00fcr sich selbst ein gro\u00dfes Grundst\u00fcck, mit dem separaten Freibad, das einen angenehmen Aufenthalt und die Privatsph\u00e4re sicherstellt, mit Schwerpunkt auf die Natursch\u00f6nheiten in der Umgebung. Das ist im echten Sinne des Wortes ein Teil des von der Natur umgebenen rustikalen Paradieses, was die Sehnsucht nach frischen D\u00fcften des Lebens auf dem Lande befriedigen wird.<\/p>\n<p><strong>Allgemein<\/strong>[\/vc_column_text][vc_row_inner][vc_column_inner width=&#8220;1\/2&#8243;][vc_column_text]<\/p>\n<ul>\n<li>Grundst\u00fccksfl\u00e4che Par Villa: 1.500 m2<\/li>\n<li>Haustieren ist erlaubt (auf Anfrage)<\/li>\n<li>Rauchen<\/li>\n<li>Parkplatz: Parkplatz ist auf dem Grundst\u00fcck zur Verf\u00fcgung;<\/li>\n<li>Garten<\/li>\n<\/ul>\n<p>[\/vc_column_text][\/vc_column_inner][vc_column_inner width=&#8220;1\/2&#8243;][vc_column_text]<\/p>\n<ul>\n<li>Private Pool zur Villa<\/li>\n<li>Kamin<\/li>\n<li>Gratis Wifi<\/li>\n<li>H\u00e4ufigkeit der Bettw\u00e4sche \/ Handt\u00fccher: W\u00f6chentlich<\/li>\n<li>Kinderbett \/ Kinderbett (auf Anfrage)<\/li>\n<\/ul>\n<p>[\/vc_column_text][\/vc_column_inner][\/vc_row_inner][\/vc_column][\/vc_row][vc_row top_margin=&#8220;30&#8243; bottom_margin=&#8220;20&#8243;][vc_column width=&#8220;1\/2&#8243;][vc_column_text]<strong>Informationen zum Ort<\/strong><\/p>\n<ul>\n<li>Entfernung zum Strand: 4 km<\/li>\n<li>Fahrzeit zum n\u00e4chsten Strand: 5 Minuten<\/li>\n<li>N\u00e4chstgelegener Flughafen: Rijeka (n\u00e4chsten). Pula, Triest, Ljubljana und Zagreb<\/li>\n<li>Entfernung zum Flughafen: 20 km zum Flughafen von Rijeka<\/li>\n<li>N\u00e4chste Stadt: Malinska oder Krk<\/li>\n<li>Entfernung Stadt: 6 km<\/li>\n<li>Details zum n\u00e4chsten Gesch\u00e4fte: Lebensmittelgesch\u00e4ft<\/li>\n<li>Entfernung zur n\u00e4chsten Einkaufsm\u00f6glichkeit: 800 m<\/li>\n<li>Entfernung zum n\u00e4chstgelegenen Restaurant: 1,28 km<\/li>\n<li>Am Meer<\/li>\n<li>auf dem Land<\/li>\n<li>Auto empfohlen<\/li>\n<\/ul>\n<p>[\/vc_column_text][\/vc_column][vc_column width=&#8220;1\/2&#8243;][vc_single_image image=&#8220;528&#8243; img_size=&#8220;large&#8220; alignment=&#8220;center&#8220;][\/vc_column][\/vc_row][vc_row bottom_margin=&#8220;60&#8243;][vc_column css=&#8220;.vc_custom_1498040360460{margin-right: 0px !important;margin-left: 0px !important;border-right-width: 0px !important;border-left-width: 0px !important;padding-right: 0px !important;padding-left: 0px !important;}&#8220;][vc_column_text]<\/p>\n<h2>UNTERK\u00dcNFTE<\/h2>\n<p>[\/vc_column_text][vc_row_inner][vc_column_inner width=&#8220;1\/2&#8243;][vc_single_image image=&#8220;2546&#8243; img_size=&#8220;full&#8220; alignment=&#8220;center&#8220; onclick=&#8220;custom_link&#8220; link=&#8220;http:\/\/villa-menta-krk.com\/de\/villa-menta-1&#8243;][vc_column_text]<\/p>\n<h1><a href=\"https:\/\/villa-menta-krk.com\/de\/villa-menta-1\/\">Villa Menta 1<\/a><\/h1>\n<p>[\/vc_column_text][vc_single_image image=&#8220;2647&#8243; img_size=&#8220;full&#8220; alignment=&#8220;center&#8220; onclick=&#8220;custom_link&#8220; link=&#8220;http:\/\/villa-menta-krk.com\/de\/villa-menta-2&#8243;][vc_column_text]<\/p>\n<h1><a href=\"https:\/\/villa-menta-krk.com\/de\/villa-menta-2\/\">Villa Menta 2<\/a><\/h1>\n<p>[\/vc_column_text][\/vc_column_inner][vc_column_inner width=&#8220;1\/2&#8243;][vc_single_image image=&#8220;2478&#8243; img_size=&#8220;full&#8220; alignment=&#8220;center&#8220; onclick=&#8220;custom_link&#8220; link=&#8220;\/?page_id=2330&#8243;][vc_column_text]<\/p>\n<h1><a href=\"https:\/\/villa-menta-krk.com\/de\/villa-menta-4\/\">Villa Menta 4<\/a><\/h1>\n<p>[\/vc_column_text][\/vc_column_inner][\/vc_row_inner][\/vc_column][\/vc_row][vc_row][vc_column css=&#8220;.vc_custom_1503896034143{margin-bottom: 40px !important;}&#8220;]\t\n\t\n\t\n\t\t\t\t\t\n\t\t\t<h3 class=\"center-title\">G\u00c4STEBUCH<\/h3>\n\t\t\t<div class=\"title-block-1\"><\/div>\n\t\t\t\n\t\t\n\t\t<!-- BEGIN .testimonial-wrapper-outer -->\n\t\t<div class=\"testimonial-wrapper-outer\">\n\n\t\t\t<!-- BEGIN .testimonial-list-wrapper -->\n\t\t\t<div class=\"testimonial-list-wrapper owl-carousel3\">\n\n\t\t\t\t\n\t\t\t\t\t\n\t\t\t\t\t<!-- BEGIN .testimonial-wrapper -->\n\t\t\t\t\t<div class=\"testimonial-wrapper\">\n\t\t\t\t\t\t\n\t\t\t\t\t\t\t\t\t\t\t\t\n\t\t\t\t\t\t<div><span class=\"qns-open-quote\">\u201c<\/span>It was a very nice holiday stay. It is a very nice place for those who seek a calm and quiet environment.\r\nStayed August 2008...<span class=\"qns-close-quote\">\u201d<\/span><\/div>\n\n\t\t\t\t\t\t\n\t\t\t\t\t\t<div class=\"testimonial-author\"><p> - <\/p><\/div>\n\n\t\t\t\t\t<!-- END .testimonial-wrapper -->\n\t\t\t\t\t<\/div>\n\n\t\t\t\t\n\t\t\t\t\t\n\t\t\t\t\t<!-- BEGIN .testimonial-wrapper -->\n\t\t\t\t\t<div class=\"testimonial-wrapper\">\n\t\t\t\t\t\t\n\t\t\t\t\t\t\t\t\t\t\t\t\n\t\t\t\t\t\t<div><span class=\"qns-open-quote\">\u201c<\/span>We loved the property. It was fantastic for us in every sense: style, size, and layout. We are a family with teenage children. This house would n...<span class=\"qns-close-quote\">\u201d<\/span><\/div>\n\n\t\t\t\t\t\t\n\t\t\t\t\t\t<div class=\"testimonial-author\"><p> - <\/p><\/div>\n\n\t\t\t\t\t<!-- END .testimonial-wrapper -->\n\t\t\t\t\t<\/div>\n\n\t\t\t\t\n\t\t\t\t\t\n\t\t\t\t\t<!-- BEGIN .testimonial-wrapper -->\n\t\t\t\t\t<div class=\"testimonial-wrapper\">\n\t\t\t\t\t\t\n\t\t\t\t\t\t\t\t\t\t\t\t\n\t\t\t\t\t\t<div><span class=\"qns-open-quote\">\u201c<\/span>The Villa is beautiful and clean and comfortable. The views are amazing and we had a wonderful holiday. The island of KRK is excellent value and ...<span class=\"qns-close-quote\">\u201d<\/span><\/div>\n\n\t\t\t\t\t\t\n\t\t\t\t\t\t<div class=\"testimonial-author\"><p> - <\/p><\/div>\n\n\t\t\t\t\t<!-- END .testimonial-wrapper -->\n\t\t\t\t\t<\/div>\n\n\t\t\t\t\n\t\t\t\t\t\n\t\t\t\t\t<!-- BEGIN .testimonial-wrapper -->\n\t\t\t\t\t<div class=\"testimonial-wrapper\">\n\t\t\t\t\t\t\n\t\t\t\t\t\t\t\t\t\t\t\t\n\t\t\t\t\t\t<div><span class=\"qns-open-quote\">\u201c<\/span>Excellent. A good base for visiting northern Croatia and the local islands as it is close to the ferry port.\r\nImpressed with:\u00a0Easy to travel aro...<span class=\"qns-close-quote\">\u201d<\/span><\/div>\n\n\t\t\t\t\t\t\n\t\t\t\t\t\t<div class=\"testimonial-author\"><p> - <\/p><\/div>\n\n\t\t\t\t\t<!-- END .testimonial-wrapper -->\n\t\t\t\t\t<\/div>\n\n\t\t\t\t\n\t\t\t\t\t\n\t\t\t\t\t<!-- BEGIN .testimonial-wrapper -->\n\t\t\t\t\t<div class=\"testimonial-wrapper\">\n\t\t\t\t\t\t\n\t\t\t\t\t\t\t\t\t\t\t\t\n\t\t\t\t\t\t<div><span class=\"qns-open-quote\">\u201c<\/span>Impressed with:Food, wine, scenery.\r\nNot impressed with: Beaches not great\r\nRecommend: Amazing restaurant in Vrbnik and hotel marlin in Malinska\r...<span class=\"qns-close-quote\">\u201d<\/span><\/div>\n\n\t\t\t\t\t\t\n\t\t\t\t\t\t<div class=\"testimonial-author\"><p> - <\/p><\/div>\n\n\t\t\t\t\t<!-- END .testimonial-wrapper -->\n\t\t\t\t\t<\/div>\n\n\t\t\t\t\n\t\t\t<!-- END .testimonial-list-wrapper -->\n\t\t\t<\/div>\n\n\t\t<!-- END .testimonial-wrapper-outer -->\n\t\t<\/div>\n\t\n\n\t\n\t[\/vc_column][\/vc_row][vc_row type=&#8220;full_width_section&#8220; bg_color=&#8220;#009dca&#8220; top_padding=&#8220;-20px&#8220;][vc_column css=&#8220;.vc_custom_1519059541226{margin-top: 0px !important;margin-right: 0px !important;margin-left: 0px !important;border-right-width: 0px !important;border-left-width: 0px !important;padding-top: 0px !important;padding-right: 0px !important;padding-left: 0px !important;}&#8220;]<!-- BEGIN .call-to-action-2-section -->\n\t\t\t<section class=\"clearfix call-to-action-2-section\" style=\"background:url(https:\/\/villa-menta-krk.com\/wp-content\/uploads\/2018\/02\/DestinationKrk2.jpg) no-repeat center top;\">\n\n\t\t\t\t<div class=\"call-to-action-2-section-inner\">\n\n\t\t\t\t\t<h3>Book online today and look forward to a relaxing stay with us<\/h3>\n\t\t\t\t\t<div class=\"title-block-4\"><\/div>\n\t\t\t\t\t<p>Call Us On +385 98 9044 660 or Email booking@villa-menta-krk.com<\/p>\n\t\t\t\t\t<a href=\"http:\/\/villa-menta-krk.com\/de\/kontakt\/\" class=\"button0\">Kontakt<i class=\"fa fa-angle-right\"><\/i><\/a>\n\n\t\t\t\t<\/div>\n\n\t\t\t<!-- END .call-to-action-2-section -->\n\t\t\t<\/section>[\/vc_column][\/vc_row]<\/p>\n","protected":false},"excerpt":{"rendered":"<p>[vc_row type=&#8220;full_width_section&#8220; bottom_padding=&#8220;0&#8243; bottom_margin=&#8220;0&#8243;][vc_column css=&#8220;.vc_custom_1497409493959{margin-top: 0px !important;margin-right: 0px !important;margin-bottom: 0px !important;margin-left: 0px !important;border-top-width: 0px !important;border-right-width: 0px !important;border-bottom-width: 0px !important;border-left-width: 0px !important;padding-top: 0px !important;padding-right: 0px !important;padding-bottom: 0px !important;padding-left: 0px !important;}&#8220;][rev_slider_vc alias=&#8220;homepage-slider&#8220; el_class=&#8220;rev_slider_wrapper-1&#8243;][\/vc_column][\/vc_row][vc_row top_margin=&#8220;30&#8243; bottom_margin=&#8220;20&#8243;][vc_column][vc_column_text] Villa Menta ist ein Teil des Restaurierungsprojekts des Anwesens aus dem 19. Jahrhundert, am Rande des kleinen Dorfes Bajcici, gelegen an der<\/p>\n","protected":false},"author":1,"featured_media":0,"parent":0,"menu_order":0,"comment_status":"closed","ping_status":"closed","template":"","meta":{"footnotes":""},"_links":{"self":[{"href":"https:\/\/villa-menta-krk.com\/de\/wp-json\/wp\/v2\/pages\/722"}],"collection":[{"href":"https:\/\/villa-menta-krk.com\/de\/wp-json\/wp\/v2\/pages"}],"about":[{"href":"https:\/\/villa-menta-krk.com\/de\/wp-json\/wp\/v2\/types\/page"}],"author":[{"embeddable":true,"href":"https:\/\/villa-menta-krk.com\/de\/wp-json\/wp\/v2\/users\/1"}],"replies":[{"embeddable":true,"href":"https:\/\/villa-menta-krk.com\/de\/wp-json\/wp\/v2\/comments?post=722"}],"version-history":[{"count":16,"href":"https:\/\/villa-menta-krk.com\/de\/wp-json\/wp\/v2\/pages\/722\/revisions"}],"predecessor-version":[{"id":2719,"href":"https:\/\/villa-menta-krk.com\/de\/wp-json\/wp\/v2\/pages\/722\/revisions\/2719"}],"wp:attachment":[{"href":"https:\/\/villa-menta-krk.com\/de\/wp-json\/wp\/v2\/media?parent=722"}],"curies":[{"name":"wp","href":"https:\/\/api.w.org\/{rel}","templated":true}]}}