{"id":2347,"date":"2020-10-14T08:14:59","date_gmt":"2020-10-14T08:14:59","guid":{"rendered":"http:\/\/villa-menta-krk.com\/de\/?page_id=2347"},"modified":"2024-09-17T18:13:56","modified_gmt":"2024-09-17T18:13:56","slug":"villa-menta-1","status":"publish","type":"page","link":"https:\/\/villa-menta-krk.com\/de\/villa-menta-1\/","title":{"rendered":"Villa Menta 1"},"content":{"rendered":"<p>[vc_row][vc_column width=&#8220;2\/3&#8243;][vc_gallery type=&#8220;flexslider_slide&#8220; interval=&#8220;5&#8243; images=&#8220;2546,2556,2554,2552,2558,2550,2548,2560,2562,2638,2564,2566,2568,2570,2636,2634,2632,2630,2628,2626,2624,2622,2620,2618,2616,2614,2612,2610,2608,2606,2604,2602,2600,2598,2596,2594,2592,2590,2588,2586,2584,2582,2580,2578,2576,2574,2640,2572&#8243; img_size=&#8220;full&#8220; onclick=&#8220;&#8220;][vc_btn title=&#8220; Kontaktieren Sie uns f\u00fcr die Buchung&#8220; color=&#8220;green&#8220; link=&#8220;url:http%3A%2F%2Fvilla-menta-krk.com%2Fde%2Fkontakt%2F|||&#8220;][\/vc_column][vc_column width=&#8220;1\/3&#8243;]<h4>Beschreibung<\/h4><div class=\"title-block-6\"><\/div>[vc_column_text]<\/p>\n<div id=\"information\" class=\"tab-pane fade active in\">\n<p>Die Hauptvilla besteht aus zwei Schlafzimmern mit Duschen, in der ersten Etage des Hauptobjekts, mit abgetrennten Terrassen, von denen ein sch\u00f6ner Ausblick ans Meer sich bietet. Im Erdgeschoss des Hauses befindet sich die K\u00fcche mit Ess- und Wohnzimmern. Das dritte Schlafzimmer befindet sich 10 Meter weiter in einem Sondersteinobjekt mit separatem kleinem Garten f\u00fcr die Erholung, bestehend aus Schlafraum und dem Ehebett mit Baldachin und Dusche.<br \/>\nDie Zimmer sind ger\u00e4umig, mit Machagonim\u00f6beln ausgestattet und erm\u00f6glichen eine angenehme Unterkunft von 6 Zimmern, was f\u00fcr Familien und Gesch\u00e4ftspartner ideal ist.<br \/>\nAu\u00dfenteil hat Garten, Freibad und Platz zum Grillen.<br \/>\nParkplatz f\u00fcr 3 Pkws steht auf dem Anwesen zur Verf\u00fcgung.<\/p>\n<ul>\n<li>Max: 6 Person(s)<\/li>\n<li>Grundst\u00fccksgr\u00f6\u00dfe: 1500 m2 \/ 16150 ft2<\/li>\n<li>Wohnbereich Gr\u00f6\u00dfe: 197 m2 \/ 2120 ft2<\/li>\n<li>Ausblick: Meer, bergab wald, garten<\/li>\n<li>Betten: 2 x Doppel Gr\u00f6\u00dfe und 1 x Einzelbetten<\/li>\n<li>Pool: 40 m2 \/ 430 ft2<\/li>\n<li>K\u00fcchenger\u00e4te: Herd, Ofen, Mikrowelle, Sp\u00fclmaschine, K\u00fchlschrank, Gefrierschrank, Toaster, Wasserkocher, Kaffeemaschine, Waschmaschine, Besteck und Geschirr<\/li>\n<li>Haus Haushaltsger\u00e4te: Sat-TV und Klimaanlage in jedem Zimmer, einen kostenlosen Internetzugang, Grill<\/li>\n<\/ul>\n<\/div>\n<p>[\/vc_column_text][\/vc_column][\/vc_row]<\/p>\n","protected":false},"excerpt":{"rendered":"<p>[vc_row][vc_column width=&#8220;2\/3&#8243;][vc_gallery type=&#8220;flexslider_slide&#8220; interval=&#8220;5&#8243; images=&#8220;2546,2556,2554,2552,2558,2550,2548,2560,2562,2638,2564,2566,2568,2570,2636,2634,2632,2630,2628,2626,2624,2622,2620,2618,2616,2614,2612,2610,2608,2606,2604,2602,2600,2598,2596,2594,2592,2590,2588,2586,2584,2582,2580,2578,2576,2574,2640,2572&#8243; img_size=&#8220;full&#8220; onclick=&#8220;&#8220;][vc_btn title=&#8220; Kontaktieren Sie uns f\u00fcr die Buchung&#8220; color=&#8220;green&#8220; link=&#8220;url:http%3A%2F%2Fvilla-menta-krk.com%2Fde%2Fkontakt%2F|||&#8220;][\/vc_column][vc_column width=&#8220;1\/3&#8243;][vc_column_text] Die Hauptvilla besteht aus zwei Schlafzimmern mit Duschen, in der ersten Etage des Hauptobjekts, mit abgetrennten Terrassen, von denen ein sch\u00f6ner Ausblick ans Meer sich bietet. Im Erdgeschoss des Hauses befindet sich die K\u00fcche mit Ess- und Wohnzimmern.<\/p>\n","protected":false},"author":1,"featured_media":0,"parent":0,"menu_order":0,"comment_status":"closed","ping_status":"closed","template":"","meta":{"footnotes":""},"_links":{"self":[{"href":"https:\/\/villa-menta-krk.com\/de\/wp-json\/wp\/v2\/pages\/2347"}],"collection":[{"href":"https:\/\/villa-menta-krk.com\/de\/wp-json\/wp\/v2\/pages"}],"about":[{"href":"https:\/\/villa-menta-krk.com\/de\/wp-json\/wp\/v2\/types\/page"}],"author":[{"embeddable":true,"href":"https:\/\/villa-menta-krk.com\/de\/wp-json\/wp\/v2\/users\/1"}],"replies":[{"embeddable":true,"href":"https:\/\/villa-menta-krk.com\/de\/wp-json\/wp\/v2\/comments?post=2347"}],"version-history":[{"count":5,"href":"https:\/\/villa-menta-krk.com\/de\/wp-json\/wp\/v2\/pages\/2347\/revisions"}],"predecessor-version":[{"id":2643,"href":"https:\/\/villa-menta-krk.com\/de\/wp-json\/wp\/v2\/pages\/2347\/revisions\/2643"}],"wp:attachment":[{"href":"https:\/\/villa-menta-krk.com\/de\/wp-json\/wp\/v2\/media?parent=2347"}],"curies":[{"name":"wp","href":"https:\/\/api.w.org\/{rel}","templated":true}]}}