{"id":2345,"date":"2020-10-14T08:13:50","date_gmt":"2020-10-14T08:13:50","guid":{"rendered":"http:\/\/villa-menta-krk.com\/de\/?page_id=2345"},"modified":"2024-09-17T18:22:58","modified_gmt":"2024-09-17T18:22:58","slug":"villa-menta-2","status":"publish","type":"page","link":"https:\/\/villa-menta-krk.com\/de\/villa-menta-2\/","title":{"rendered":"Villa Menta 2"},"content":{"rendered":"<p>[vc_row][vc_column width=&#8220;2\/3&#8243;][vc_gallery type=&#8220;flexslider_slide&#8220; interval=&#8220;5&#8243; images=&#8220;2707,2705,2703,2701,2699,2697,2695,2693,2691,2689,2687,2685,2683,2681,2679,2677,2675,2673,2671,2669,2667,2665,2663,2661,2659,2657,2655,2653,2651,2649,2647,2645&#8243; img_size=&#8220;full&#8220; onclick=&#8220;&#8220;][vc_btn title=&#8220; Kontaktieren Sie uns f\u00fcr die Buchung&#8220; color=&#8220;green&#8220; link=&#8220;url:http%3A%2F%2Fvilla-menta-krk.com%2Fde%2Fkontakt%2F|||&#8220;][\/vc_column][vc_column width=&#8220;1\/3&#8243;]<h4>Beschreibung<\/h4><div class=\"title-block-6\"><\/div>[vc_column_text]<\/p>\n<div id=\"information\" class=\"tab-pane fade active in\">\n<p>Sie besteht aus verbundenen Erdgeschoss-Steinh\u00e4usern, welche die Hauptvilla ausmachen. Ein Objekt verf\u00fcgt \u00fcber Wohnzimmer und ein separates Schlafzimmer mit Bad, w\u00e4hrend das andere ein Esszimmer mit K\u00fcche ist. Das zweite Schlafzimmer befindet sich 10 Meter weiter in einem separaten Steinhaus neben dem Freibad und besteht aus dem Schlafraum mit Ehebett und Dusche.<br \/>\nDie Zimmer sind ger\u00e4umig, gem\u00fctlich eingerichtet und bieten angenehmen Aufenthalt f\u00fcr 4 Personen an.<br \/>\nAu\u00dfenteil hat einen Garten, ein Freibad und Platz zum Grillen.<br \/>\nParkplatz f\u00fcr 2 Pkws steht auf dem Anwesen zur Verf\u00fcgung.<br \/>\nParking for 2 cars is secured on property.<\/p>\n<ul>\n<li>Max: 4 Person(s)<\/li>\n<li>Grundst\u00fccksgr\u00f6\u00dfe: 1500 m<sup>2<\/sup> \/ 16150 ft<sup>2<\/sup><\/li>\n<li>Wohnbereich Gr\u00f6\u00dfe: 80 m<sup>2<\/sup> \/ 861 ft<sup>2<\/sup><\/li>\n<li>Ausblick: Meer, bergab wald, garten<\/li>\n<li>Betten: 2 x Doppel Gr\u00f6\u00dfe und 1 x Einzelbetten<\/li>\n<li>Pool: 28 m<sup>2<\/sup> \/ 30 ft<sup>2<\/sup><\/li>\n<li>K\u00fcchenger\u00e4te: Herd, Ofen, Mikrowelle, Sp\u00fclmaschine, K\u00fchlschrank, Gefrierschrank, Toaster, Wasserkocher, Kaffeemaschine, Waschmaschine, Besteck und Geschirr<\/li>\n<li>Haus Haushaltsger\u00e4te: Sat-TV und Klimaanlage in jedem Zimmer, einen kostenlosen Internetzugang, Grill<\/li>\n<\/ul>\n<\/div>\n<p>[\/vc_column_text][\/vc_column][\/vc_row]<\/p>\n","protected":false},"excerpt":{"rendered":"<p>[vc_row][vc_column width=&#8220;2\/3&#8243;][vc_gallery type=&#8220;flexslider_slide&#8220; interval=&#8220;5&#8243; images=&#8220;2707,2705,2703,2701,2699,2697,2695,2693,2691,2689,2687,2685,2683,2681,2679,2677,2675,2673,2671,2669,2667,2665,2663,2661,2659,2657,2655,2653,2651,2649,2647,2645&#8243; img_size=&#8220;full&#8220; onclick=&#8220;&#8220;][vc_btn title=&#8220; Kontaktieren Sie uns f\u00fcr die Buchung&#8220; color=&#8220;green&#8220; link=&#8220;url:http%3A%2F%2Fvilla-menta-krk.com%2Fde%2Fkontakt%2F|||&#8220;][\/vc_column][vc_column width=&#8220;1\/3&#8243;][vc_column_text] Sie besteht aus verbundenen Erdgeschoss-Steinh\u00e4usern, welche die Hauptvilla ausmachen. Ein Objekt verf\u00fcgt \u00fcber Wohnzimmer und ein separates Schlafzimmer mit Bad, w\u00e4hrend das andere ein Esszimmer mit K\u00fcche ist. Das zweite Schlafzimmer befindet sich 10 Meter weiter in einem<\/p>\n","protected":false},"author":1,"featured_media":0,"parent":0,"menu_order":0,"comment_status":"closed","ping_status":"closed","template":"","meta":{"footnotes":""},"_links":{"self":[{"href":"https:\/\/villa-menta-krk.com\/de\/wp-json\/wp\/v2\/pages\/2345"}],"collection":[{"href":"https:\/\/villa-menta-krk.com\/de\/wp-json\/wp\/v2\/pages"}],"about":[{"href":"https:\/\/villa-menta-krk.com\/de\/wp-json\/wp\/v2\/types\/page"}],"author":[{"embeddable":true,"href":"https:\/\/villa-menta-krk.com\/de\/wp-json\/wp\/v2\/users\/1"}],"replies":[{"embeddable":true,"href":"https:\/\/villa-menta-krk.com\/de\/wp-json\/wp\/v2\/comments?post=2345"}],"version-history":[{"count":5,"href":"https:\/\/villa-menta-krk.com\/de\/wp-json\/wp\/v2\/pages\/2345\/revisions"}],"predecessor-version":[{"id":2709,"href":"https:\/\/villa-menta-krk.com\/de\/wp-json\/wp\/v2\/pages\/2345\/revisions\/2709"}],"wp:attachment":[{"href":"https:\/\/villa-menta-krk.com\/de\/wp-json\/wp\/v2\/media?parent=2345"}],"curies":[{"name":"wp","href":"https:\/\/api.w.org\/{rel}","templated":true}]}}